



{"id":6229,"date":"2022-12-23T16:23:16","date_gmt":"2022-12-23T16:23:16","guid":{"rendered":"https:\/\/www.consultants-immobilier.com\/?page_id=6229"},"modified":"2025-12-16T16:47:36","modified_gmt":"2025-12-16T16:47:36","slug":"recruitment","status":"publish","type":"page","link":"https:\/\/www.consultants-immobilier.com\/en\/recruitment\/","title":{"rendered":"Recruitment"},"content":{"rendered":"<div class=\"wpb-content-wrapper\"><p>[vc_row full_width=&#8221;stretch_row&#8221; equal_height=&#8221;yes&#8221; content_placement=&#8221;middle&#8221; el_class=&#8221;override_left&#8221; css=&#8221;.vc_custom_1666354351866{background-image: url(https:\/\/www.consultants-immobilier.com\/wp-content\/uploads\/2022\/10\/vue-costa_WEB-scaled.jpg?id=6257) !important;background-position: center !important;background-repeat: no-repeat !important;background-size: cover !important;}&#8221;][vc_column][\/vc_column][\/vc_row][vc_row content_placement=&#8221;top&#8221; css=&#8221;.vc_custom_1666599910423{background-position: center !important;background-repeat: no-repeat !important;background-size: cover !important;}&#8221;][vc_column el_class=&#8221;override_pos&#8221;][vc_custom_heading text=&#8221;Contact us and discover exceptional real estate&#8221; font_container=&#8221;tag:h1|font_size:40|text_align:center&#8221; use_theme_fonts=&#8221;yes&#8221;][\/vc_column][\/vc_row][vc_row content_placement=&#8221;top&#8221; disable_element=&#8221;yes&#8221; el_class=&#8221;override_pos&#8221; css=&#8221;.vc_custom_1666597930820{background-position: center !important;background-repeat: no-repeat !important;background-size: cover !important;}&#8221;][vc_column el_class=&#8221;myH1mob_overlay&#8221; css=&#8221;.vc_custom_1666189689604{background-color: #fafafa !important;}&#8221;][vc_column_text el_class=&#8221;double_border&#8221;]<\/p>\n<h1 style=\"text-align: left;\">Contactez-nous et d\u00e9couvrez l&#8217;immobilier d&#8217;exception<\/h1>\n<p><span style=\"font-size: 40pt; color: #857551; font-family: 'times new roman', times, serif;\"><strong>R<\/strong><\/span>ejoindre <strong>Consultants immobilier<\/strong> c&#8217;est choisir l&#8217;excellence, pour nos clients comme pour vous.[\/vc_column_text][\/vc_column][\/vc_row][vc_row content_placement=&#8221;middle&#8221; css=&#8221;.vc_custom_1666192380043{margin-top: 0px !important;margin-bottom: 0px !important;}&#8221;][vc_column][vc_column_text css_animation=&#8221;none&#8221;]<\/p>\n<h3 style=\"text-align: center;\"><a href=\"https:\/\/www.consultants-immobilier.com\/en\/\">Consultants immobilier<\/a> reinforces its status as a leader in the prestige real estate market year after year.<\/h3>\n<hr \/>\n<p style=\"text-align: center;\">Under the supervision of the agency manager, you will be in charge of developing a business portfolio: -Purchase of mandates -Management of a seller\/purchaser file -Negotiation and advice to clients.<\/p>\n<p>[\/vc_column_text][vc_row_inner][vc_column_inner][vc_single_image image=&#8221;2353&#8243; img_size=&#8221;full&#8221; add_caption=&#8221;yes&#8221; alignment=&#8221;center&#8221; css_animation=&#8221;fadeIn&#8221;][\/vc_column_inner][\/vc_row_inner][\/vc_column][\/vc_row][vc_row css=&#8221;.vc_custom_1612972349772{margin-top: 0px !important;margin-bottom: 0px !important;}&#8221;][vc_column][vc_column_text css_animation=&#8221;fadeIn&#8221; el_class=&#8221;nomargin&#8221;]<\/p>\n<h3 style=\"text-align: center;\">Let&#8217;s meet<\/h3>\n<p>[\/vc_column_text][sgi_vc_recruitform][\/vc_column][\/vc_row][vc_row][vc_column][vc_column_text]<\/p>\n<h2 class=\"sect_title ico_title ico_movie\">Work in a unique environment<\/h2>\n<p>[\/vc_column_text][vc_video link=&#8221;https:\/\/youtu.be\/e3VwhWL9_IA&#8221; align=&#8221;center&#8221;][vc_column_text]<\/p>\n<h2 class=\"sect_title ico_title ico_marker\">Discover our luxury real estate agencies in France<\/h2>\n<p>[\/vc_column_text][\/vc_column][\/vc_row][vc_row][vc_column][sgi_vc_agencies_index][sgi_vc_agencies_single_group sgi_vc_title=&#8221;16\u00e8me arrondissement&#8221; sgi_vc_page=&#8221;5997&#8243; sgi_vc_agency=&#8221;134&#8243;][sgi_vc_agencies_single_group sgi_vc_title=&#8221;16\u00e8me arrondissement&#8221; sgi_vc_page=&#8221;5997&#8243; sgi_vc_agency=&#8221;4214&#8243;][sgi_vc_agencies_single_group sgi_vc_title=&#8221;16\u00e8me arrondissement&#8221; sgi_vc_page=&#8221;5997&#8243; sgi_vc_agency=&#8221;127&#8243;][sgi_vc_agencies_single_group sgi_vc_title=&#8221;16\u00e8me arrondissement&#8221; sgi_vc_page=&#8221;5997&#8243; sgi_vc_agency=&#8221;8992&#8243;][sgi_vc_agencies_single_group sgi_vc_title=&#8221;15\u00e8me arrondissement&#8221; sgi_vc_page=&#8221;5995&#8243; sgi_vc_agency=&#8221;206&#8243;][sgi_vc_agencies_single_group sgi_vc_title=&#8221;15\u00e8me arrondissement&#8221; sgi_vc_page=&#8221;5995&#8243; sgi_vc_agency=&#8221;4035&#8243;][sgi_vc_agencies_index_single sgi_vc_agency=&#8221;207&#8243;][sgi_vc_agencies_index_single sgi_vc_agency=&#8221;9446&#8243;][sgi_vc_agencies_index_single sgi_vc_agency=&#8221;133&#8243;][sgi_vc_agencies_index_single sgi_vc_agency=&#8221;132&#8243;][sgi_vc_agencies_index_single sgi_vc_agency=&#8221;876&#8243;][sgi_vc_agencies_index_single sgi_vc_agency=&#8221;878&#8243;][sgi_vc_agencies_single_group sgi_vc_title=&#8221;Neuilly&#8221; sgi_vc_page=&#8221;5991&#8243; sgi_vc_agency=&#8221;123&#8243;][sgi_vc_agencies_single_group sgi_vc_title=&#8221;Neuilly&#8221; sgi_vc_page=&#8221;5991&#8243; sgi_vc_agency=&#8221;124&#8243;][sgi_vc_agencies_index_generic sgi_vc_title=&#8221;Hauts de Seine Ouest&#8221; sgi_vc_subtitle=&#8221;79 bis avenue J.B. Clement 92100 Boulogne-Billancourt&#8221; sgi_vc_email=&#8221;l.joffrin@consultantsimmobilier.com&#8221; sgi_vc_phone=&#8221;01 41 22 99 99&#8243; sgi_vc_page=&#8221;url:https%3A%2F%2Fwww.consultants-immobilier.com%2Fhauts-de-seine-ouest%2F|title:Contacter&#8221; sgi_vc_image=&#8221;5670&#8243;][sgi_vc_agencies_index_single sgi_vc_agency=&#8221;1133&#8243;][sgi_vc_agencies_index_single sgi_vc_agency=&#8221;6674&#8243;][sgi_vc_agencies_index_single sgi_vc_agency=&#8221;12839&#8243;][sgi_vc_agencies_index_single sgi_vc_agency=&#8221;1436&#8243;][sgi_vc_agencies_index_single sgi_vc_agency=&#8221;1132&#8243;][sgi_vc_agencies_index_single sgi_vc_agency=&#8221;11409&#8243;][sgi_vc_agencies_index_generic sgi_vc_title=&#8221;Consultants Immobilier Gestion&#8221; sgi_vc_subtitle=&#8221;79 bis avenue J.B. Clement 92100 Boulogne-Billancourt&#8221; sgi_vc_email=&#8221;b.gritti@consultantsimmobilier.com&#8221; sgi_vc_phone=&#8221;01 41 22 99 94&#8243; sgi_vc_page=&#8221;url:https%3A%2F%2Fwww.consultants-immobilier.com%2Fgestion%2F|title:Contacter&#8221; sgi_vc_image=&#8221;13316&#8243;][sgi_vc_agencies_index_generic sgi_vc_title=&#8221;Consultants Immobilier Life annuity&#8221; sgi_vc_subtitle=&#8221;54 Rue Jouffroy d\u2019Abbans 75017 Paris&#8221; sgi_vc_email=&#8221;d.chouraki@consultantsimmobilier.com&#8221; sgi_vc_phone=&#8221;07 83 75 55 01&#8243; sgi_vc_page=&#8221;url:https%3A%2F%2Fwww.consultants-immobilier.com%2Fen%2Flife-annuity%2F|title:Contact&#8221; sgi_vc_image=&#8221;12861&#8243;][\/sgi_vc_agencies_index][\/vc_column][\/vc_row][vc_row disable_element=&#8221;yes&#8221;][vc_column][vc_column_text]<\/p>\n<h2 class=\"sect_title ico_title ico_star\">Nos derniers collaborateurs<\/h2>\n<p>[\/vc_column_text][sgi_vc_testimony sgi_vc_testimony_caption=&#8221;&#8220;Chez Consultants Immobilier, j&#8217;ai trouv\u00e9 ce que je recherchais depuis longtemps dans mon travail, une \u00e9coute particuli\u00e8re et la possibilit\u00e9 d&#8217;\u00eatre au plus proche de mes clients en leur apportant ce qu&#8217;exige le prestige&#8230; le temps.&#8220;&#8221; sgi_vc_testimony_image=&#8221;5244&#8243;][\/vc_column][\/vc_row]<\/p>\n<\/div>","protected":false},"excerpt":{"rendered":"<p>[vc_row full_width=&#8221;stretch_row&#8221; equal_height=&#8221;yes&#8221; content_placement=&#8221;middle&#8221; el_class=&#8221;override_left&#8221; css=&#8221;.vc_custom_1666354351866{background-image: url(https:\/\/www.consultants-immobilier.com\/wp-content\/uploads\/2022\/10\/vue-costa_WEB-scaled.jpg?id=6257) !important;background-position: center !important;background-repeat: no-repeat !important;background-size: cover !important;}&#8221;][vc_column][\/vc_column][\/vc_row][vc_row content_placement=&#8221;top&#8221; css=&#8221;.vc_custom_1666599910423{background-position: center !important;background-repeat: no-repeat !important;background-size: cover !important;}&#8221;][vc_column el_class=&#8221;override_pos&#8221;][vc_custom_heading text=&#8221;Contact us and discover exceptional real estate&#8221; font_container=&#8221;tag:h1|font_size:40|text_align:center&#8221; use_theme_fonts=&#8221;yes&#8221;][\/vc_column][\/vc_row][vc_row content_placement=&#8221;top&#8221; disable_element=&#8221;yes&#8221; el_class=&#8221;override_pos&#8221; css=&#8221;.vc_custom_1666597930820{background-position: center !important;background-repeat: no-repeat !important;background-size: cover !important;}&#8221;][vc_column el_class=&#8221;myH1mob_overlay&#8221; css=&#8221;.vc_custom_1666189689604{background-color: #fafafa !important;}&#8221;][vc_column_text el_class=&#8221;double_border&#8221;] Contactez-nous et d\u00e9couvrez l&#8217;immobilier d&#8217;exception Rejoindre Consultants immobilier [&hellip;]<\/p>\n","protected":false},"author":6,"featured_media":0,"parent":0,"menu_order":0,"comment_status":"closed","ping_status":"closed","template":"","meta":{"_acf_changed":false,"footnotes":""},"class_list":["post-6229","page","type-page","status-publish","hentry"],"acf":[],"yoast_head":"<!-- This site is optimized with the Yoast SEO Premium plugin v27.3 (Yoast SEO v27.3) - https:\/\/yoast.com\/product\/yoast-seo-premium-wordpress\/ -->\n<title>Real estate employment and recruitment with Consultants immobilier<\/title>\n<meta name=\"description\" content=\"Consultants Immobilier is recruiting in Paris, Western Paris and Deauville to reinforce its status as a leader in prestige real estate.\" \/>\n<meta name=\"robots\" content=\"index, follow, max-snippet:-1, max-image-preview:large, max-video-preview:-1\" \/>\n<link rel=\"canonical\" href=\"https:\/\/www.consultants-immobilier.com\/en\/wp-json\/wp\/v2\/pages\/6229\" \/>\n<meta property=\"og:locale\" content=\"en_US\" \/>\n<meta property=\"og:type\" content=\"article\" \/>\n<meta property=\"og:title\" content=\"Recruitment\" \/>\n<meta property=\"og:description\" content=\"Contactez-nous et d\u00e9couvrez l&#039;immobilier d&#039;exception Rejoindre Consultants immobilier c&#039;est choisir l&#039;excellence, pour nos clients comme pour vous.\" \/>\n<meta property=\"og:url\" content=\"https:\/\/www.consultants-immobilier.com\/en\/recruitment\/\" \/>\n<meta property=\"og:site_name\" content=\"Consultants immobilier\" \/>\n<meta property=\"article:publisher\" content=\"https:\/\/www.facebook.com\/consultantsimmobilier\" \/>\n<meta property=\"article:modified_time\" content=\"2025-12-16T16:47:36+00:00\" \/>\n<meta property=\"og:image\" content=\"https:\/\/www.consultants-immobilier.com\/wp-content\/uploads\/2019\/09\/agence-passy-2-bckgrd.jpg\" \/>\n\t<meta property=\"og:image:width\" content=\"1920\" \/>\n\t<meta property=\"og:image:height\" content=\"1200\" \/>\n\t<meta property=\"og:image:type\" content=\"image\/jpeg\" \/>\n<meta name=\"twitter:card\" content=\"summary_large_image\" \/>\n<meta name=\"twitter:site\" content=\"@ConsultantsImmo\" \/>\n<meta name=\"twitter:label1\" content=\"Est. reading time\" \/>\n\t<meta name=\"twitter:data1\" content=\"3 minutes\" \/>\n<script type=\"application\/ld+json\" class=\"yoast-schema-graph\">{\"@context\":\"https:\\\/\\\/schema.org\",\"@graph\":[{\"@type\":\"WebPage\",\"@id\":\"https:\\\/\\\/www.consultants-immobilier.com\\\/en\\\/recruitment\\\/\",\"url\":\"https:\\\/\\\/www.consultants-immobilier.com\\\/en\\\/recruitment\\\/\",\"name\":\"Real estate employment and recruitment with Consultants immobilier\",\"isPartOf\":{\"@id\":\"https:\\\/\\\/www.consultants-immobilier.com\\\/en\\\/#website\"},\"datePublished\":\"2022-12-23T16:23:16+00:00\",\"dateModified\":\"2025-12-16T16:47:36+00:00\",\"description\":\"Consultants Immobilier is recruiting in Paris, Western Paris and Deauville to reinforce its status as a leader in prestige real estate.\",\"breadcrumb\":{\"@id\":\"https:\\\/\\\/www.consultants-immobilier.com\\\/en\\\/recruitment\\\/#breadcrumb\"},\"inLanguage\":\"en-US\",\"potentialAction\":[{\"@type\":\"ReadAction\",\"target\":[\"https:\\\/\\\/www.consultants-immobilier.com\\\/en\\\/recruitment\\\/\"]}]},{\"@type\":\"BreadcrumbList\",\"@id\":\"https:\\\/\\\/www.consultants-immobilier.com\\\/en\\\/recruitment\\\/#breadcrumb\",\"itemListElement\":[{\"@type\":\"ListItem\",\"position\":1,\"name\":\"Accueil\",\"item\":\"https:\\\/\\\/www.consultants-immobilier.com\\\/en\\\/\"},{\"@type\":\"ListItem\",\"position\":2,\"name\":\"Recruitment\"}]},{\"@type\":\"WebSite\",\"@id\":\"https:\\\/\\\/www.consultants-immobilier.com\\\/en\\\/#website\",\"url\":\"https:\\\/\\\/www.consultants-immobilier.com\\\/en\\\/\",\"name\":\"Consultants Immobilier\",\"description\":\"Le luxe en toute simplicit\u00e9\",\"publisher\":{\"@id\":\"https:\\\/\\\/www.consultants-immobilier.com\\\/en\\\/#organization\"},\"potentialAction\":[{\"@type\":\"SearchAction\",\"target\":{\"@type\":\"EntryPoint\",\"urlTemplate\":\"https:\\\/\\\/www.consultants-immobilier.com\\\/en\\\/?s={search_term_string}\"},\"query-input\":{\"@type\":\"PropertyValueSpecification\",\"valueRequired\":true,\"valueName\":\"search_term_string\"}}],\"inLanguage\":\"en-US\"},{\"@type\":\"Organization\",\"@id\":\"https:\\\/\\\/www.consultants-immobilier.com\\\/en\\\/#organization\\\/\",\"name\":\"Consultants Immobilier\",\"url\":\"https:\\\/\\\/www.consultants-immobilier.com\\\/en\\\/\",\"logo\":{\"@type\":\"ImageObject\",\"url\":\"https:\\\/\\\/www.consultants-immobilier.com\\\/wp-content\\\/uploads\\\/2024\\\/09\\\/logo.png\"},\"image\":{\"@id\":\"https:\\\/\\\/www.consultants-immobilier.com\\\/en\\\/#\\\/schema\\\/logo\\\/image\\\/\"},\"sameAs\":[\"https:\\\/\\\/www.facebook.com\\\/consultantsimmobilier\",\"https:\\\/\\\/x.com\\\/ConsultantsImmo\",\"https:\\\/\\\/www.instagram.com\\\/consultants_immobilier\\\/\",\"https:\\\/\\\/www.linkedin.com\\\/company\\\/consultants-immobilier\\\/\"],\"telephone\":\"+33 1 42 88 96 96\",\"priceRange\":\"Pourcentage de transaction\",\"address\":{\"@type\":\"PostalAddress\",\"streetAddress\":\"1 Place du Costa Rica\",\"addressLocality\":\"Paris\",\"postalCode\":\"75016\",\"addressCountry\":\"FR\"}}]}<\/script>\n<!-- \/ Yoast SEO Premium plugin. -->","yoast_head_json":{"title":"Real estate employment and recruitment with Consultants immobilier","description":"Consultants Immobilier is recruiting in Paris, Western Paris and Deauville to reinforce its status as a leader in prestige real estate.","robots":{"index":"index","follow":"follow","max-snippet":"max-snippet:-1","max-image-preview":"max-image-preview:large","max-video-preview":"max-video-preview:-1"},"canonical":"https:\/\/www.consultants-immobilier.com\/en\/wp-json\/wp\/v2\/pages\/6229","og_locale":"en_US","og_type":"article","og_title":"Recruitment","og_description":"Contactez-nous et d\u00e9couvrez l'immobilier d'exception Rejoindre Consultants immobilier c'est choisir l'excellence, pour nos clients comme pour vous.","og_url":"https:\/\/www.consultants-immobilier.com\/en\/recruitment\/","og_site_name":"Consultants immobilier","article_publisher":"https:\/\/www.facebook.com\/consultantsimmobilier","article_modified_time":"2025-12-16T16:47:36+00:00","og_image":[{"width":1920,"height":1200,"url":"https:\/\/www.consultants-immobilier.com\/wp-content\/uploads\/2019\/09\/agence-passy-2-bckgrd.jpg","type":"image\/jpeg"}],"twitter_card":"summary_large_image","twitter_site":"@ConsultantsImmo","twitter_misc":{"Est. reading time":"3 minutes"},"schema":{"@context":"https:\/\/schema.org","@graph":[{"@type":"WebPage","@id":"https:\/\/www.consultants-immobilier.com\/en\/recruitment\/","url":"https:\/\/www.consultants-immobilier.com\/en\/recruitment\/","name":"Real estate employment and recruitment with Consultants immobilier","isPartOf":{"@id":"https:\/\/www.consultants-immobilier.com\/en\/#website"},"datePublished":"2022-12-23T16:23:16+00:00","dateModified":"2025-12-16T16:47:36+00:00","description":"Consultants Immobilier is recruiting in Paris, Western Paris and Deauville to reinforce its status as a leader in prestige real estate.","breadcrumb":{"@id":"https:\/\/www.consultants-immobilier.com\/en\/recruitment\/#breadcrumb"},"inLanguage":"en-US","potentialAction":[{"@type":"ReadAction","target":["https:\/\/www.consultants-immobilier.com\/en\/recruitment\/"]}]},{"@type":"BreadcrumbList","@id":"https:\/\/www.consultants-immobilier.com\/en\/recruitment\/#breadcrumb","itemListElement":[{"@type":"ListItem","position":1,"name":"Accueil","item":"https:\/\/www.consultants-immobilier.com\/en\/"},{"@type":"ListItem","position":2,"name":"Recruitment"}]},{"@type":"WebSite","@id":"https:\/\/www.consultants-immobilier.com\/en\/#website","url":"https:\/\/www.consultants-immobilier.com\/en\/","name":"Consultants Immobilier","description":"Le luxe en toute simplicit\u00e9","publisher":{"@id":"https:\/\/www.consultants-immobilier.com\/en\/#organization"},"potentialAction":[{"@type":"SearchAction","target":{"@type":"EntryPoint","urlTemplate":"https:\/\/www.consultants-immobilier.com\/en\/?s={search_term_string}"},"query-input":{"@type":"PropertyValueSpecification","valueRequired":true,"valueName":"search_term_string"}}],"inLanguage":"en-US"},{"@type":"Organization","@id":"https:\/\/www.consultants-immobilier.com\/en\/#organization\/","name":"Consultants Immobilier","url":"https:\/\/www.consultants-immobilier.com\/en\/","logo":{"@type":"ImageObject","url":"https:\/\/www.consultants-immobilier.com\/wp-content\/uploads\/2024\/09\/logo.png"},"image":{"@id":"https:\/\/www.consultants-immobilier.com\/en\/#\/schema\/logo\/image\/"},"sameAs":["https:\/\/www.facebook.com\/consultantsimmobilier","https:\/\/x.com\/ConsultantsImmo","https:\/\/www.instagram.com\/consultants_immobilier\/","https:\/\/www.linkedin.com\/company\/consultants-immobilier\/"],"telephone":"+33 1 42 88 96 96","priceRange":"Pourcentage de transaction","address":{"@type":"PostalAddress","streetAddress":"1 Place du Costa Rica","addressLocality":"Paris","postalCode":"75016","addressCountry":"FR"}}]}},"_links":{"self":[{"href":"https:\/\/www.consultants-immobilier.com\/en\/wp-json\/wp\/v2\/pages\/6229","targetHints":{"allow":["GET"]}}],"collection":[{"href":"https:\/\/www.consultants-immobilier.com\/en\/wp-json\/wp\/v2\/pages"}],"about":[{"href":"https:\/\/www.consultants-immobilier.com\/en\/wp-json\/wp\/v2\/types\/page"}],"author":[{"embeddable":true,"href":"https:\/\/www.consultants-immobilier.com\/en\/wp-json\/wp\/v2\/users\/6"}],"replies":[{"embeddable":true,"href":"https:\/\/www.consultants-immobilier.com\/en\/wp-json\/wp\/v2\/comments?post=6229"}],"version-history":[{"count":11,"href":"https:\/\/www.consultants-immobilier.com\/en\/wp-json\/wp\/v2\/pages\/6229\/revisions"}],"predecessor-version":[{"id":13322,"href":"https:\/\/www.consultants-immobilier.com\/en\/wp-json\/wp\/v2\/pages\/6229\/revisions\/13322"}],"wp:attachment":[{"href":"https:\/\/www.consultants-immobilier.com\/en\/wp-json\/wp\/v2\/media?parent=6229"}],"curies":[{"name":"wp","href":"https:\/\/api.w.org\/{rel}","templated":true}]}}